{"id":1690,"date":"2021-08-17T19:01:46","date_gmt":"2021-08-17T16:01:46","guid":{"rendered":"https:\/\/tkdnipro.com\/?page_id=1690"},"modified":"2021-08-18T14:13:13","modified_gmt":"2021-08-18T11:13:13","slug":"%d0%ba%d0%be%d0%bd%d1%82%d0%b0%d0%ba%d1%82%d1%8b","status":"publish","type":"page","link":"https:\/\/tkdnipro.com\/pl\/%d0%ba%d0%be%d0%bd%d1%82%d0%b0%d0%ba%d1%82%d1%8b\/","title":{"rendered":"\u041a\u043e\u043d\u0442\u0430\u043a\u0442\u044b"},"content":{"rendered":"\t\t<div data-elementor-type=\"wp-post\" data-elementor-id=\"1690\" class=\"elementor elementor-1690 elementor-14 elementor-bc-flex-widget\" data-elementor-settings=\"[]\">\n\t\t\t\t\t\t<div class=\"elementor-inner\">\n\t\t\t\t\t\t\t<div class=\"elementor-section-wrap\">\n\t\t\t\t\t\t\t<section class=\"elementor-section elementor-top-section elementor-element elementor-element-3b18c4a6 elementor-section-boxed elementor-section-height-default elementor-section-height-default\" data-id=\"3b18c4a6\" data-element_type=\"section\" data-settings=\"{&quot;background_background&quot;:&quot;classic&quot;}\">\n\t\t\t\t\t\t<div class=\"elementor-container elementor-column-gap-extended\">\n\t\t\t\t\t\t\t<div class=\"elementor-row\">\n\t\t\t\t\t<div class=\"elementor-column elementor-col-100 elementor-top-column elementor-element elementor-element-e5f7a28\" data-id=\"e5f7a28\" data-element_type=\"column\">\n\t\t\t<div class=\"elementor-column-wrap elementor-element-populated\">\n\t\t\t\t\t\t\t<div class=\"elementor-widget-wrap\">\n\t\t\t\t\t\t<div class=\"elementor-element elementor-element-4f7ca096 elementor-widget elementor-widget-heading\" data-id=\"4f7ca096\" data-element_type=\"widget\" data-widget_type=\"heading.default\">\n\t\t\t\t<div class=\"elementor-widget-container\">\n\t\t\t<h6 class=\"elementor-heading-title elementor-size-default\">NASZE KONTAKTY<\/h6>\t\t<\/div>\n\t\t\t\t<\/div>\n\t\t\t\t<div class=\"elementor-element elementor-element-38f96de3 elementor-widget elementor-widget-spacer\" data-id=\"38f96de3\" data-element_type=\"widget\" data-widget_type=\"spacer.default\">\n\t\t\t\t<div class=\"elementor-widget-container\">\n\t\t\t\t\t<div class=\"elementor-spacer\">\n\t\t\t<div class=\"elementor-spacer-inner\"><\/div>\n\t\t<\/div>\n\t\t\t\t<\/div>\n\t\t\t\t<\/div>\n\t\t\t\t<div class=\"elementor-element elementor-element-33450004 elementor-widget elementor-widget-heading\" data-id=\"33450004\" data-element_type=\"widget\" data-widget_type=\"heading.default\">\n\t\t\t\t<div class=\"elementor-widget-container\">\n\t\t\t<h2 class=\"elementor-heading-title elementor-size-default\">Skontaktuj si\u0119 z nami i odwied\u017a nas<\/h2>\t\t<\/div>\n\t\t\t\t<\/div>\n\t\t\t\t<div class=\"elementor-element elementor-element-4859beaf elementor-widget elementor-widget-spacer\" data-id=\"4859beaf\" data-element_type=\"widget\" data-widget_type=\"spacer.default\">\n\t\t\t\t<div class=\"elementor-widget-container\">\n\t\t\t\t\t<div class=\"elementor-spacer\">\n\t\t\t<div class=\"elementor-spacer-inner\"><\/div>\n\t\t<\/div>\n\t\t\t\t<\/div>\n\t\t\t\t<\/div>\n\t\t\t\t<section class=\"elementor-section elementor-inner-section elementor-element elementor-element-bd3cef6 elementor-section-boxed elementor-section-height-default elementor-section-height-default\" data-id=\"bd3cef6\" data-element_type=\"section\">\n\t\t\t\t\t\t<div class=\"elementor-container elementor-column-gap-default\">\n\t\t\t\t\t\t\t<div class=\"elementor-row\">\n\t\t\t\t\t<div class=\"elementor-column elementor-col-50 elementor-inner-column elementor-element elementor-element-7bb57b6\" data-id=\"7bb57b6\" data-element_type=\"column\">\n\t\t\t<div class=\"elementor-column-wrap elementor-element-populated\">\n\t\t\t\t\t\t\t<div class=\"elementor-widget-wrap\">\n\t\t\t\t\t\t<div class=\"elementor-element elementor-element-99bbeb6 elementor-widget elementor-widget-text-editor\" data-id=\"99bbeb6\" data-element_type=\"widget\" data-widget_type=\"text-editor.default\">\n\t\t\t\t<div class=\"elementor-widget-container\">\n\t\t\t\t\t\t\t\t<div class=\"elementor-text-editor elementor-clearfix\">\n\t\t\t\t<p class=\"p1\" style=\"text-align: center;\"><strong>KOMPLEKS SZKLARNIOWY \u201eDNIEPR\u201d<\/strong><\/p><p class=\"p1\" style=\"text-align: center;\"><span class=\"s1\">Ukraina, obw\u00f3d Dniepropietrowski,<br \/>rejon Dniepropietrowski,<br \/>Nowoo\u0142eksandrowska rada wsi<br \/>kompleks budynk\u00f3w i budowli<\/span><\/p><p class=\"p1\" style=\"text-align: center;\"><span class=\"s1\">+38 056\u00a0776-76-12<\/span><\/p><p class=\"p1\" style=\"text-align: center;\"><span class=\"s1\">+38 056\u00a0776-82-22<\/span><\/p><p class=\"p2\" style=\"text-align: center;\"><span class=\"s2\"><a href=\"mailto:info@tkdnipro.com\">info@tkdnipro.com<\/a><\/span><\/p>\t\t\t\t\t<\/div>\n\t\t\t\t\t\t<\/div>\n\t\t\t\t<\/div>\n\t\t\t\t\t\t<\/div>\n\t\t\t\t\t<\/div>\n\t\t<\/div>\n\t\t\t\t<div class=\"elementor-column elementor-col-50 elementor-inner-column elementor-element elementor-element-f04549f\" data-id=\"f04549f\" data-element_type=\"column\">\n\t\t\t<div class=\"elementor-column-wrap elementor-element-populated\">\n\t\t\t\t\t\t\t<div class=\"elementor-widget-wrap\">\n\t\t\t\t\t\t<div class=\"elementor-element elementor-element-4011fe4 elementor-widget elementor-widget-text-editor\" data-id=\"4011fe4\" data-element_type=\"widget\" data-widget_type=\"text-editor.default\">\n\t\t\t\t<div class=\"elementor-widget-container\">\n\t\t\t\t\t\t\t\t<div class=\"elementor-text-editor elementor-clearfix\">\n\t\t\t\t<p class=\"p1\" style=\"text-align: center;\"><span class=\"s1\"><b>REALY ESTATE Sp. z o.o.<\/b><\/span><\/p><p class=\"p1\" style=\"text-align: center;\"><span class=\"s1\">Ukraina, 52005, obw\u00f3d Dniepropietrowski,<br \/>rejon Dniprowski,<br \/>gmina Slobozhanske,<br \/>ulica Wasyl Suchom\u0142y\u0144ski, bud. 76<\/span><\/p>\t\t\t\t\t<\/div>\n\t\t\t\t\t\t<\/div>\n\t\t\t\t<\/div>\n\t\t\t\t\t\t<\/div>\n\t\t\t\t\t<\/div>\n\t\t<\/div>\n\t\t\t\t\t\t\t\t<\/div>\n\t\t\t\t\t<\/div>\n\t\t<\/section>\n\t\t\t\t<section class=\"elementor-section elementor-inner-section elementor-element elementor-element-4d1afd93 elementor-section-boxed elementor-section-height-default elementor-section-height-default\" data-id=\"4d1afd93\" data-element_type=\"section\">\n\t\t\t\t\t\t<div class=\"elementor-container elementor-column-gap-no\">\n\t\t\t\t\t\t\t<div class=\"elementor-row\">\n\t\t\t\t\t<div class=\"elementor-column elementor-col-100 elementor-inner-column elementor-element elementor-element-5620e7fe\" data-id=\"5620e7fe\" data-element_type=\"column\">\n\t\t\t<div class=\"elementor-column-wrap elementor-element-populated\">\n\t\t\t\t\t\t\t<div class=\"elementor-widget-wrap\">\n\t\t\t\t\t\t<div class=\"elementor-element elementor-element-46bc7774 elementor-widget elementor-widget-contact-form-7\" data-id=\"46bc7774\" data-element_type=\"widget\" data-widget_type=\"contact-form-7.default\">\n\t\t\t\t<div class=\"elementor-widget-container\">\n\t\t\t<div class=\"elementor-contact-form-7 jet-elements\"><div role=\"form\" class=\"wpcf7\" id=\"wpcf7-f1786-o1\" lang=\"en-US\" dir=\"ltr\">\n<div class=\"screen-reader-response\"><p role=\"status\" aria-live=\"polite\" aria-atomic=\"true\"><\/p> <ul><\/ul><\/div>\n<form action=\"\/pl\/wp-json\/wp\/v2\/pages\/1690#wpcf7-f1786-o1\" method=\"post\" class=\"wpcf7-form init\" novalidate=\"novalidate\" data-status=\"init\">\n<div style=\"display: none;\">\n<input type=\"hidden\" name=\"_wpcf7\" value=\"1786\" \/>\n<input type=\"hidden\" name=\"_wpcf7_version\" value=\"5.4.2\" \/>\n<input type=\"hidden\" name=\"_wpcf7_locale\" value=\"en_US\" \/>\n<input type=\"hidden\" name=\"_wpcf7_unit_tag\" value=\"wpcf7-f1786-o1\" \/>\n<input type=\"hidden\" name=\"_wpcf7_container_post\" value=\"0\" \/>\n<input type=\"hidden\" name=\"_wpcf7_posted_data_hash\" value=\"\" \/>\n<\/div>\n<div class=\"row\">\n<p class=\"col-lg-6 col-md-12 col-sm-12 col-xs-12\">\n<label><span class=\"wpcf7-form-control-wrap your-name\"><input type=\"text\" name=\"your-name\" value=\"\" size=\"40\" class=\"wpcf7-form-control wpcf7-text wpcf7-validates-as-required\" aria-required=\"true\" aria-invalid=\"false\" placeholder=\"Twoje imi\u0119*\" \/><\/span><\/label><\/p>\n<p class=\"col-lg-6 col-md-12 col-sm-12 col-xs-12\"><span class=\"wpcf7-form-control-wrap your-email\"><input type=\"email\" name=\"your-email\" value=\"\" size=\"40\" class=\"wpcf7-form-control wpcf7-text wpcf7-email wpcf7-validates-as-required wpcf7-validates-as-email\" aria-required=\"true\" aria-invalid=\"false\" placeholder=\"E-mail*\" \/><\/span><\/label><\/p>\n<p class=\"col-lg-12 col-md-12 col-sm-12 col-xs-12\"><label><span class=\"wpcf7-form-control-wrap your-message\"><textarea name=\"your-message\" cols=\"40\" rows=\"10\" class=\"wpcf7-form-control wpcf7-textarea\" aria-invalid=\"false\" placeholder=\"Wiadomo\u015b\u0107\"><\/textarea><\/span> <\/label><\/p>\n<p class=\"col-lg-12 col-md-12 col-sm-12 col-xs-12\"><input type=\"submit\" value=\"Wys\u0142a\u0107\" class=\"wpcf7-form-control wpcf7-submit\" \/><\/p>\n<\/div>\n<div class=\"wpcf7-response-output\" aria-hidden=\"true\"><\/div><\/form><\/div><\/div>\t\t<\/div>\n\t\t\t\t<\/div>\n\t\t\t\t\t\t<\/div>\n\t\t\t\t\t<\/div>\n\t\t<\/div>\n\t\t\t\t\t\t\t\t<\/div>\n\t\t\t\t\t<\/div>\n\t\t<\/section>\n\t\t\t\t\t\t<\/div>\n\t\t\t\t\t<\/div>\n\t\t<\/div>\n\t\t\t\t\t\t\t\t<\/div>\n\t\t\t\t\t<\/div>\n\t\t<\/section>\n\t\t\t\t\t\t<\/div>\n\t\t\t\t\t\t<\/div>\n\t\t\t\t\t<\/div>\n\t\t","protected":false},"excerpt":{"rendered":"<p>NASZE KONTAKTY Skontaktuj si\u0119 z nami i odwied\u017a nas KOMPLEKS SZKLARNIOWY \u201eDNIEPR\u201d Ukraina, obw\u00f3d Dniepropietrowski,rejon Dniepropietrowski,Nowoo\u0142eksandrowska rada wsikompleks budynk\u00f3w i budowli +38 056\u00a0776-76-12 +38 056\u00a0776-82-22 info@tkdnipro.com REALY ESTATE Sp. z o.o. Ukraina, 52005, obw\u00f3d Dniepropietrowski,rejon Dniprowski,gmina Slobozhanske,ulica Wasyl Suchom\u0142y\u0144ski, bud. 76<\/p>\n","protected":false},"author":1,"featured_media":0,"parent":0,"menu_order":0,"comment_status":"closed","ping_status":"closed","template":"page-templates\/fullwidth-content.php","meta":[],"_links":{"self":[{"href":"https:\/\/tkdnipro.com\/pl\/wp-json\/wp\/v2\/pages\/1690"}],"collection":[{"href":"https:\/\/tkdnipro.com\/pl\/wp-json\/wp\/v2\/pages"}],"about":[{"href":"https:\/\/tkdnipro.com\/pl\/wp-json\/wp\/v2\/types\/page"}],"author":[{"embeddable":true,"href":"https:\/\/tkdnipro.com\/pl\/wp-json\/wp\/v2\/users\/1"}],"replies":[{"embeddable":true,"href":"https:\/\/tkdnipro.com\/pl\/wp-json\/wp\/v2\/comments?post=1690"}],"version-history":[{"count":8,"href":"https:\/\/tkdnipro.com\/pl\/wp-json\/wp\/v2\/pages\/1690\/revisions"}],"predecessor-version":[{"id":1789,"href":"https:\/\/tkdnipro.com\/pl\/wp-json\/wp\/v2\/pages\/1690\/revisions\/1789"}],"wp:attachment":[{"href":"https:\/\/tkdnipro.com\/pl\/wp-json\/wp\/v2\/media?parent=1690"}],"curies":[{"name":"wp","href":"https:\/\/api.w.org\/{rel}","templated":true}]}}