{"id":1702,"date":"2021-08-17T19:18:30","date_gmt":"2021-08-17T16:18:30","guid":{"rendered":"https:\/\/tkdnipro.com\/?page_id=1702"},"modified":"2021-08-17T19:20:04","modified_gmt":"2021-08-17T16:20:04","slug":"ogorki","status":"publish","type":"page","link":"https:\/\/tkdnipro.com\/pl\/ogorki\/","title":{"rendered":"OG\u00d3RKI"},"content":{"rendered":"\t\t<div data-elementor-type=\"wp-post\" data-elementor-id=\"1702\" class=\"elementor elementor-1702 elementor-610 elementor-bc-flex-widget\" data-elementor-settings=\"[]\">\n\t\t\t\t\t\t<div class=\"elementor-inner\">\n\t\t\t\t\t\t\t<div class=\"elementor-section-wrap\">\n\t\t\t\t\t\t\t<section class=\"elementor-section elementor-top-section elementor-element elementor-element-f338361 elementor-section-boxed elementor-section-height-default elementor-section-height-default\" data-id=\"f338361\" data-element_type=\"section\">\n\t\t\t\t\t\t<div class=\"elementor-container elementor-column-gap-extended\">\n\t\t\t\t\t\t\t<div class=\"elementor-row\">\n\t\t\t\t\t<div class=\"elementor-column elementor-col-50 elementor-top-column elementor-element elementor-element-0df2348\" data-id=\"0df2348\" data-element_type=\"column\">\n\t\t\t<div class=\"elementor-column-wrap elementor-element-populated\">\n\t\t\t\t\t\t\t<div class=\"elementor-widget-wrap\">\n\t\t\t\t\t\t<div class=\"elementor-element elementor-element-e801112 elementor-widget elementor-widget-spacer\" data-id=\"e801112\" data-element_type=\"widget\" data-widget_type=\"spacer.default\">\n\t\t\t\t<div class=\"elementor-widget-container\">\n\t\t\t\t\t<div class=\"elementor-spacer\">\n\t\t\t<div class=\"elementor-spacer-inner\"><\/div>\n\t\t<\/div>\n\t\t\t\t<\/div>\n\t\t\t\t<\/div>\n\t\t\t\t<div class=\"elementor-element elementor-element-0711c2f elementor-widget elementor-widget-heading\" data-id=\"0711c2f\" data-element_type=\"widget\" data-widget_type=\"heading.default\">\n\t\t\t\t<div class=\"elementor-widget-container\">\n\t\t\t<h2 class=\"elementor-heading-title elementor-size-default\">OG\u00d3RKI<\/h2>\t\t<\/div>\n\t\t\t\t<\/div>\n\t\t\t\t<div class=\"elementor-element elementor-element-d0d5226 elementor-widget elementor-widget-spacer\" data-id=\"d0d5226\" data-element_type=\"widget\" data-widget_type=\"spacer.default\">\n\t\t\t\t<div class=\"elementor-widget-container\">\n\t\t\t\t\t<div class=\"elementor-spacer\">\n\t\t\t<div class=\"elementor-spacer-inner\"><\/div>\n\t\t<\/div>\n\t\t\t\t<\/div>\n\t\t\t\t<\/div>\n\t\t\t\t<div class=\"elementor-element elementor-element-a5379da elementor-widget elementor-widget-text-editor\" data-id=\"a5379da\" data-element_type=\"widget\" data-widget_type=\"text-editor.default\">\n\t\t\t\t<div class=\"elementor-widget-container\">\n\t\t\t\t\t\t\t\t<div class=\"elementor-text-editor elementor-clearfix\">\n\t\t\t\t<p>Og\u00f3rek jest jednym z najcz\u0119\u015bciej uprawianych warzyw szklarniowych. Zazwyczaj w szklarniach uprawia si\u0119 miesza\u0144ce partenokarpiczne, kt\u00f3re doskonale tworz\u0105 owoce bez zapylenia. Og\u00f3rek jest jednym z najcz\u0119\u015bciej uprawianych warzyw szklarniowych. Zazwyczaj w szklarniach uprawia si\u0119 miesza\u0144ce partenokarpiczne, kt\u00f3re doskonale tworz\u0105 owoce bez zapylenia. Wszystkie kwiaty na miesza\u0144cu partenokarpicznym s\u0105 \u017ce\u0144skie. Ka\u017cdy z nich przynosi owoce. Og\u00f3rki s\u0105 smaczne, pachn\u0105ce i bez gorzkiego posmaku.<\/p><p>Og\u00f3rki partenokarpiczne s\u0105 r\u00f3wne, wszystkie podobne do siebie. S\u0105 jednolicie zabarwione na g\u0142\u0119boki zielony kolor. Wykazuj\u0105 odporno\u015b\u0107 na wahania temperatury i g\u0142\u00f3wne choroby og\u00f3rka.<\/p>\t\t\t\t\t<\/div>\n\t\t\t\t\t\t<\/div>\n\t\t\t\t<\/div>\n\t\t\t\t<div class=\"elementor-element elementor-element-a3e54e9 elementor-widget elementor-widget-spacer\" data-id=\"a3e54e9\" data-element_type=\"widget\" data-widget_type=\"spacer.default\">\n\t\t\t\t<div class=\"elementor-widget-container\">\n\t\t\t\t\t<div class=\"elementor-spacer\">\n\t\t\t<div class=\"elementor-spacer-inner\"><\/div>\n\t\t<\/div>\n\t\t\t\t<\/div>\n\t\t\t\t<\/div>\n\t\t\t\t\t\t<\/div>\n\t\t\t\t\t<\/div>\n\t\t<\/div>\n\t\t\t\t<div class=\"elementor-column elementor-col-50 elementor-top-column elementor-element elementor-element-8c4c524\" data-id=\"8c4c524\" data-element_type=\"column\">\n\t\t\t<div class=\"elementor-column-wrap elementor-element-populated\">\n\t\t\t\t\t\t\t<div class=\"elementor-widget-wrap\">\n\t\t\t\t\t\t<div class=\"elementor-element elementor-element-3979e6b elementor-widget elementor-widget-image\" data-id=\"3979e6b\" data-element_type=\"widget\" data-widget_type=\"image.default\">\n\t\t\t\t<div class=\"elementor-widget-container\">\n\t\t\t\t\t\t\t\t<div class=\"elementor-image\">\n\t\t\t\t\t\t\t\t\t\t\t\t<img width=\"515\" height=\"515\" src=\"https:\/\/tkdnipro.com\/wp-content\/uploads\/2019\/04\/img-og.png\" class=\"attachment-full size-full\" alt=\"\" loading=\"lazy\" \/>\t\t\t\t\t\t\t\t\t\t\t\t\t\t<\/div>\n\t\t\t\t\t\t<\/div>\n\t\t\t\t<\/div>\n\t\t\t\t\t\t<\/div>\n\t\t\t\t\t<\/div>\n\t\t<\/div>\n\t\t\t\t\t\t\t\t<\/div>\n\t\t\t\t\t<\/div>\n\t\t<\/section>\n\t\t\t\t<section class=\"elementor-section elementor-top-section elementor-element elementor-element-c783bdb elementor-section-boxed elementor-section-height-default elementor-section-height-default\" data-id=\"c783bdb\" data-element_type=\"section\">\n\t\t\t\t\t\t<div class=\"elementor-container elementor-column-gap-default\">\n\t\t\t\t\t\t\t<div class=\"elementor-row\">\n\t\t\t\t\t<div class=\"elementor-column elementor-col-100 elementor-top-column elementor-element elementor-element-6af182d\" data-id=\"6af182d\" data-element_type=\"column\">\n\t\t\t<div class=\"elementor-column-wrap elementor-element-populated\">\n\t\t\t\t\t\t\t<div class=\"elementor-widget-wrap\">\n\t\t\t\t\t\t<div class=\"elementor-element elementor-element-e45d129 elementor-position-left elementor-vertical-align-top elementor-widget elementor-widget-image-box\" data-id=\"e45d129\" data-element_type=\"widget\" data-widget_type=\"image-box.default\">\n\t\t\t\t<div class=\"elementor-widget-container\">\n\t\t\t<div class=\"elementor-image-box-wrapper\"><figure class=\"elementor-image-box-img\"><img width=\"500\" height=\"369\" src=\"https:\/\/tkdnipro.com\/wp-content\/uploads\/2019\/05\/ogirok-dlinn.png\" class=\"attachment-full size-full\" alt=\"\" loading=\"lazy\" \/><\/figure><div class=\"elementor-image-box-content\"><h3 class=\"elementor-image-box-title\">OG\u00d3REK O G\u0141ADKIEJ SK\u00d3RCE<\/h3><p class=\"elementor-image-box-description\">Og\u00f3rki s\u0105 ciemnozielone, o g\u0142adkiej sk\u00f3rce, j\u0119drne, o d\u0142ugo\u015bci 20-25 cm.  Posiadaj\u0105 wysokie walory smakowe. Maj\u0105 doskona\u0142\u0105 wytrzyma\u0142o\u015b\u0107 i mo\u017cliwo\u015b\u0107 transportowania. Dzi\u0119ki swojemu wspania\u0142emu smakowi i aromatowi doskonale nadaj\u0105 si\u0119 do sa\u0142atek. Szczeg\u00f3lnie ceniony do przygotowania sushi i burger\u00f3w.\n<\/p><\/div><\/div>\t\t<\/div>\n\t\t\t\t<\/div>\n\t\t\t\t<div class=\"elementor-element elementor-element-f1a3af8 elementor-position-left elementor-vertical-align-top elementor-widget elementor-widget-image-box\" data-id=\"f1a3af8\" data-element_type=\"widget\" data-widget_type=\"image-box.default\">\n\t\t\t\t<div class=\"elementor-widget-container\">\n\t\t\t<div class=\"elementor-image-box-wrapper\"><figure class=\"elementor-image-box-img\"><img width=\"500\" height=\"369\" src=\"https:\/\/tkdnipro.com\/wp-content\/uploads\/2019\/05\/ogirok-koluchii3.png\" class=\"attachment-full size-full\" alt=\"\" loading=\"lazy\" \/><\/figure><div class=\"elementor-image-box-content\"><h3 class=\"elementor-image-box-title\">OG\u00d3REK KOLCZASTY<\/h3><p class=\"elementor-image-box-description\">Og\u00f3rki s\u0105 ciemnozielone, kolczaste, o d\u0142ugo\u015bci 10-13 cm i masie 120-140 g. Owoce s\u0105 j\u0119drne, dobrze si\u0119 przechowuj\u0105 i transportuj\u0105. Og\u00f3rek ten ma s\u0142odki smak i \u015bwietnie nadaje si\u0119 do przygotowania r\u00f3\u017cnych sa\u0142atek i zestaw\u00f3w warzywnych.\u2028\n<\/p><\/div><\/div>\t\t<\/div>\n\t\t\t\t<\/div>\n\t\t\t\t\t\t<\/div>\n\t\t\t\t\t<\/div>\n\t\t<\/div>\n\t\t\t\t\t\t\t\t<\/div>\n\t\t\t\t\t<\/div>\n\t\t<\/section>\n\t\t\t\t\t\t<\/div>\n\t\t\t\t\t\t<\/div>\n\t\t\t\t\t<\/div>\n\t\t","protected":false},"excerpt":{"rendered":"<p>OG\u00d3RKI Og\u00f3rek jest jednym z najcz\u0119\u015bciej uprawianych warzyw szklarniowych. Zazwyczaj w szklarniach uprawia si\u0119 miesza\u0144ce partenokarpiczne, kt\u00f3re doskonale tworz\u0105 owoce bez zapylenia. Og\u00f3rek jest jednym z najcz\u0119\u015bciej uprawianych warzyw szklarniowych. Zazwyczaj w szklarniach uprawia si\u0119 miesza\u0144ce partenokarpiczne, kt\u00f3re doskonale tworz\u0105 owoce bez zapylenia. Wszystkie kwiaty na miesza\u0144cu partenokarpicznym s\u0105 \u017ce\u0144skie. Ka\u017cdy z nich przynosi owoce. [&hellip;]<\/p>\n","protected":false},"author":1,"featured_media":0,"parent":0,"menu_order":0,"comment_status":"closed","ping_status":"closed","template":"page-templates\/fullwidth-content.php","meta":[],"_links":{"self":[{"href":"https:\/\/tkdnipro.com\/pl\/wp-json\/wp\/v2\/pages\/1702"}],"collection":[{"href":"https:\/\/tkdnipro.com\/pl\/wp-json\/wp\/v2\/pages"}],"about":[{"href":"https:\/\/tkdnipro.com\/pl\/wp-json\/wp\/v2\/types\/page"}],"author":[{"embeddable":true,"href":"https:\/\/tkdnipro.com\/pl\/wp-json\/wp\/v2\/users\/1"}],"replies":[{"embeddable":true,"href":"https:\/\/tkdnipro.com\/pl\/wp-json\/wp\/v2\/comments?post=1702"}],"version-history":[{"count":4,"href":"https:\/\/tkdnipro.com\/pl\/wp-json\/wp\/v2\/pages\/1702\/revisions"}],"predecessor-version":[{"id":1706,"href":"https:\/\/tkdnipro.com\/pl\/wp-json\/wp\/v2\/pages\/1702\/revisions\/1706"}],"wp:attachment":[{"href":"https:\/\/tkdnipro.com\/pl\/wp-json\/wp\/v2\/media?parent=1702"}],"curies":[{"name":"wp","href":"https:\/\/api.w.org\/{rel}","templated":true}]}}